{"id":133,"date":"2017-10-04T02:07:49","date_gmt":"2017-10-04T00:07:49","guid":{"rendered":"https:\/\/cdqmassimina.it\/?page_id=133"},"modified":"2017-10-05T20:20:40","modified_gmt":"2017-10-05T18:20:40","slug":"informazioni-utili","status":"publish","type":"page","link":"https:\/\/cdqmassimina.it\/index.php\/informazioni-utili\/","title":{"rendered":"Informazioni utili"},"content":{"rendered":"<p><a href=\"http:\/\/www.comune.roma.it\/pcr\/it\/municipio_xvi.page\"><strong>Municipio Roma XII<\/strong><\/a><br \/>\nvia Fabiola, 14<\/p>\n<p>Orario di apertura al pubblico degli sportelli:<br \/>\ndal luned\u00ec al gioved\u00ec ore 8.30 &#8211; 17.30 (ultimo appuntamento ore 17.00);<br \/>\nil venerd\u00ec ore 8.30 &#8211; 14.00 (ultimo appuntamento ore 13.00).<\/p>\n<p>&nbsp;<\/p>\n","protected":false},"excerpt":{"rendered":"<p>Municipio Roma XII via Fabiola, 14 Orario di apertura al pubblico degli sportelli: dal luned\u00ec al gioved\u00ec ore 8.30 &#8211; 17.30 (ultimo appuntamento ore 17.00); il venerd\u00ec ore 8.30 &#8211;&#8230; <a class=\"read-more\" href=\"https:\/\/cdqmassimina.it\/index.php\/informazioni-utili\/\">[Continua a leggere]<\/a><\/p>\n","protected":false},"author":1,"featured_media":0,"parent":0,"menu_order":0,"comment_status":"closed","ping_status":"closed","template":"","meta":{"footnotes":""},"class_list":["post-133","page","type-page","status-publish","hentry","no-post-thumbnail"],"_links":{"self":[{"href":"https:\/\/cdqmassimina.it\/index.php\/wp-json\/wp\/v2\/pages\/133"}],"collection":[{"href":"https:\/\/cdqmassimina.it\/index.php\/wp-json\/wp\/v2\/pages"}],"about":[{"href":"https:\/\/cdqmassimina.it\/index.php\/wp-json\/wp\/v2\/types\/page"}],"author":[{"embeddable":true,"href":"https:\/\/cdqmassimina.it\/index.php\/wp-json\/wp\/v2\/users\/1"}],"replies":[{"embeddable":true,"href":"https:\/\/cdqmassimina.it\/index.php\/wp-json\/wp\/v2\/comments?post=133"}],"version-history":[{"count":3,"href":"https:\/\/cdqmassimina.it\/index.php\/wp-json\/wp\/v2\/pages\/133\/revisions"}],"predecessor-version":[{"id":411,"href":"https:\/\/cdqmassimina.it\/index.php\/wp-json\/wp\/v2\/pages\/133\/revisions\/411"}],"wp:attachment":[{"href":"https:\/\/cdqmassimina.it\/index.php\/wp-json\/wp\/v2\/media?parent=133"}],"curies":[{"name":"wp","href":"https:\/\/api.w.org\/{rel}","templated":true}]}}