{"id":131,"date":"2017-10-04T02:07:05","date_gmt":"2017-10-04T00:07:05","guid":{"rendered":"https:\/\/cdqmassimina.it\/?page_id=131"},"modified":"2017-10-05T11:52:34","modified_gmt":"2017-10-05T09:52:34","slug":"storia","status":"publish","type":"page","link":"https:\/\/cdqmassimina.it\/index.php\/storia\/","title":{"rendered":"Storia"},"content":{"rendered":"<p>La zona \u00e8 anche chiamata &#8220;Massimilla&#8221; (dal nome di una delle vie principali del quartiere: via della Massimilla) oppure &#8220;Casal Lumbroso&#8221; (nome preso dalla via del Casale Lumbroso, una via circondata da ville e che collega la via Aurelia con il Grande Raccordo Anulare), e si sviluppa sul lato sud della via Aurelia, poco fuori il Grande Raccordo Anulare, su un territorio alternato da fondovalle e crinali.<\/p>\n<p>L&#8217;asse insediativo principale pu\u00f2 essere suddiviso in tre zone fondamentali, divise tra loro da zone commerciali e terreni privati:<\/p>\n<ul>\n<li><em><strong>Zona del 13\u00b0<\/strong><\/em> (nome derivato dal chilometraggio corrispondente sulla via Aurelia), il cui nucleo insediativo principale \u00e8 costituito dalla sequenza di via Giuseppe Vanni, via Alessandro Santini e via Casal Lumbroso; zona costituita maggiormente da piccole palazzine e villette bifamiliari e quadrifamiliari.<\/li>\n<li><em><strong>Zona della Massimilla<\/strong><\/em>, il cui nucleo insediativo \u00e8 costituito dalla sequenza di via della Massimilla, via Serafino Belfanti e via Ciro Trabalza (tre vie collegate tra loro ma parallele in diversi punti; zona costituita esclusivamente da piccole palazzine.<\/li>\n<li><em><strong>Zona Ildebrando<\/strong><\/em> (dal nome della via che ne costituisce la spina dorsale, poich\u00e9 la zona si estende per l&#8217;intera lunghezza di tale via: via Ildebrando Della Giovanna), il cui nucleo insediativo e maggiormente costituito dalle abitazioni lungo l&#8217;intera via (\u00e8 da notare che la suddetta via non \u00e8 pi\u00f9 privata dal 2001, anno in cui \u00e8 stata allargata a vantaggio di entrambe le corsie di marcia e dotata di ampi parcheggi in prossimit\u00e0 delle abitazioni, degli uffici e delle aree di ristoro); \u00e8 una zona costituita da ville e piccole palazzine. Dal 2011 via Ildebrando Della Giovanna congiunge via Romano Guerra a via Gioele Solari, altra arteria principale della zona. Nelle vicinanze di questo incrocio si estende il parco della zona.<\/li>\n<\/ul>\n<p>La struttura della zona non presenta luoghi con caratteri di centralit\u00e0, quali possono essere una piazza o un viale commerciale. L&#8217;unico fronte commerciale presente si trova, infatti, in prossimit\u00e0 della via Aurelia.<\/p>\n<p><a href=\"https:\/\/it.wikipedia.org\/wiki\/Massimina#Storia\" target=\"_blank\" rel=\"noopener\">Fonte<\/a><\/p>\n","protected":false},"excerpt":{"rendered":"<p>La zona \u00e8 anche chiamata &#8220;Massimilla&#8221; (dal nome di una delle vie principali del quartiere: via della Massimilla) oppure &#8220;Casal Lumbroso&#8221; (nome preso dalla via del Casale Lumbroso, una via&#8230; <a class=\"read-more\" href=\"https:\/\/cdqmassimina.it\/index.php\/storia\/\">[Continua a leggere]<\/a><\/p>\n","protected":false},"author":1,"featured_media":0,"parent":0,"menu_order":0,"comment_status":"closed","ping_status":"closed","template":"","meta":{"footnotes":""},"class_list":["post-131","page","type-page","status-publish","hentry","no-post-thumbnail"],"_links":{"self":[{"href":"https:\/\/cdqmassimina.it\/index.php\/wp-json\/wp\/v2\/pages\/131"}],"collection":[{"href":"https:\/\/cdqmassimina.it\/index.php\/wp-json\/wp\/v2\/pages"}],"about":[{"href":"https:\/\/cdqmassimina.it\/index.php\/wp-json\/wp\/v2\/types\/page"}],"author":[{"embeddable":true,"href":"https:\/\/cdqmassimina.it\/index.php\/wp-json\/wp\/v2\/users\/1"}],"replies":[{"embeddable":true,"href":"https:\/\/cdqmassimina.it\/index.php\/wp-json\/wp\/v2\/comments?post=131"}],"version-history":[{"count":4,"href":"https:\/\/cdqmassimina.it\/index.php\/wp-json\/wp\/v2\/pages\/131\/revisions"}],"predecessor-version":[{"id":406,"href":"https:\/\/cdqmassimina.it\/index.php\/wp-json\/wp\/v2\/pages\/131\/revisions\/406"}],"wp:attachment":[{"href":"https:\/\/cdqmassimina.it\/index.php\/wp-json\/wp\/v2\/media?parent=131"}],"curies":[{"name":"wp","href":"https:\/\/api.w.org\/{rel}","templated":true}]}}